{"id":616,"date":"2025-07-04T10:48:17","date_gmt":"2025-07-04T08:48:17","guid":{"rendered":"https:\/\/www.gmmi.fr\/es\/?page_id=616"},"modified":"2025-10-15T21:39:08","modified_gmt":"2025-10-15T19:39:08","slug":"transferencia-productos-problematicas-materias","status":"publish","type":"page","link":"https:\/\/www.gmmi.fr\/es\/transferencia-productos-problematicas-materias\/","title":{"rendered":"Los Desaf\u00edos de la Transferencia de Productos: Comprender las Problem\u00e1ticas Relacionadas con las Materias de los Productos de su F\u00e1brica"},"content":{"rendered":"<section class=\"wpb-content-wrapper\"><p>[vc_row full_width=\u00bbstretch_row\u00bb css=\u00bb.vc_custom_1749719695233{background-color: #eaeaea !important;}\u00bb el_class=\u00bbcentrage-video\u00bb][vc_column][vc_column_text][\/vc_column_text][\/vc_column][\/vc_row][vc_row css=\u00bb.vc_custom_1749719689735{margin-top: 35px !important;margin-bottom: 0px !important;padding-bottom: 0px !important;}\u00bb][vc_column css=\u00bb.vc_custom_1690813894377{margin-bottom: 0px !important;padding-bottom: 0px !important;}\u00bb][vc_column_text el_class=\u00bbtxt-bleu-clair h1&#8243;]<\/p>\n<h1 class=\"titre_page\">Los Desaf\u00edos de la Transferencia de Productos: Comprender las Problem\u00e1ticas Relacionadas con las Materias de los Productos de su F\u00e1brica<\/h1>\n<p>[\/vc_column_text][\/vc_column][\/vc_row][vc_row disable_element=\u00bbyes\u00bb][vc_column][vc_empty_space][vc_separator color=\u00bbcustom\u00bb border_width=\u00bb3&#8243; el_width=\u00bb10&#8243; accent_color=\u00bb#00abe8&#8243;][\/vc_column][\/vc_row][vc_row][vc_column][vc_column_text]En el sector industrial, la transferencia de productos es una etapa crucial que puede influir en la calidad, la seguridad, el ritmo y la eficiencia de las operaciones. Sin embargo, las caracter\u00edsticas espec\u00edficas de los productos pueden generar diversos desaf\u00edos. A continuaci\u00f3n, se presenta un resumen de las principales problem\u00e1ticas encontradas durante la transferencia de productos seg\u00fan su materia.[\/vc_column_text][\/vc_column][\/vc_row][vc_row full_width=\u00bbstretch_row\u00bb gap=\u00bb30&#8243; equal_height=\u00bbyes\u00bb css=\u00bb.vc_custom_1737454522478{background-color: #f0f3ed !important;}\u00bb][vc_column width=\u00bb1\/2&#8243; el_class=\u00bbtableau-responcive\u00bb][vc_column_text]<\/p>\n<h3>Transferencia de Sensibilidad a la Temperatura<\/h3>\n<p>Muchos productos, especialmente aquellos a base de materias org\u00e1nicas o perecederas, requieren un control estricto de la temperatura durante su transferencia para evitar la proliferaci\u00f3n de bacterias o la p\u00e9rdida de calidad.<\/p>\n<p>Por lo tanto, es esencial contar con sistemas de transporte adecuados. Nuestras <a href=\"https:\/\/www.gmmi.fr\/es\/transferencia-por-tuberia-gibpompe\/\">bombas de transferencia<\/a> tienen en cuenta esta temperatura a mantener y est\u00e1n dise\u00f1adas para ello.[\/vc_column_text][\/vc_column][vc_column width=\u00bb1\/2&#8243;][vc_column_text]<\/p>\n<h3>Transporte neum\u00e1tico de Productos Sensibles<\/h3>\n<p>Los productos sensibles, como las patas, los h\u00edgados, etc., son m\u00e1s fr\u00e1giles y pueden da\u00f1arse r\u00e1pidamente durante una transferencia. Por eso hemos creado la <a href=\"https:\/\/www.gmmi.fr\/es\/transferencia-de-tuberia-gibair\/\">Gibair a baja presi\u00f3n<\/a> o la <a href=\"https:\/\/www.gmmi.fr\/es\/transferencia-por-tuberia-gibpompe\/\">Gibpompe tipo jeringa<\/a> para un traslado sin riesgo de da\u00f1ar el producto.[\/vc_column_text][\/vc_column][\/vc_row][vc_row full_width=\u00bbstretch_row\u00bb gap=\u00bb30&#8243; equal_height=\u00bbyes\u00bb][vc_column width=\u00bb1\/2&#8243; el_class=\u00bbtableau-responcive\u00bb][vc_column_text]<\/p>\n<h3>Productos Viscosos y Pegajoso: Problemas de Bloqueo<\/h3>\n<p>Los productos viscosos o pegajosos, como ciertos alimentos, pueden provocar bloqueos en los <b>sistemas de transferencia<\/b>. Esto puede crear atascos en las tuber\u00edas que ralentizan el proceso y provocan p\u00e9rdidas de producci\u00f3n.<\/p>\n<p>A trav\u00e9s de nuestras bombas, que han sido dise\u00f1adas para este tipo de problemas, hemos permitido a las industrias no tener m\u00e1s miedo a los atascos en sus tuber\u00edas. Esto es gracias a nuestro <a href=\"https:\/\/www.gmmi.fr\/es\/transferencia-tuberias-industria-alimentaria\/#biosecurite\">efecto s\u00f3nico<\/a> que permite empujar con gran fuerza y rapidez en las tuber\u00edas.[\/vc_column_text][\/vc_column][vc_column width=\u00bb1\/2&#8243;][vc_column_text]<\/p>\n<h3>Productos Blandos o Flexibles<\/h3>\n<p>Los productos blandos, como la piel, las patas, las cabezas, pueden bloquearse f\u00e1cilmente entre s\u00ed y crear un atasco en la tuber\u00eda.[\/vc_column_text][\/vc_column][\/vc_row][vc_row full_width=\u00bbstretch_row\u00bb gap=\u00bb30&#8243; equal_height=\u00bbyes\u00bb css=\u00bb.vc_custom_1737454522478{background-color: #f0f3ed !important;}\u00bb][vc_column width=\u00bb1\/2&#8243; el_class=\u00bbtableau-responcive\u00bb][vc_column_text]<\/p>\n<h3>Contaminaci\u00f3n Cruzada<\/h3>\n<p>Durante la transferencia de productos alimentarios, el riesgo de contaminaci\u00f3n cruzada es alto. Se deben implementar protocolos estrictos de limpieza y separaci\u00f3n de productos para garantizar la seguridad alimentaria.<\/p>\n<p>Nuestras bombas est\u00e1n equipadas con un NEP\/CIP para una limpieza precisa y est\u00e1n dise\u00f1adas para que todos nuestros productos cumplan con los est\u00e1ndares de <a href=\"https:\/\/www.gmmi.fr\/es\/transferencia-tuberias-industria-alimentaria\/#biosecurite\">bioseguridad<\/a>.<\/p>\n<p>[\/vc_column_text][\/vc_column][vc_column width=\u00bb1\/2&#8243;][vc_column_text]<\/p>\n<h3>Larga Distancia<\/h3>\n<p>Las industrias enfrentan trabajos de ampliaci\u00f3n, nuevas instalaciones, nuevas l\u00edneas, lo que lleva a modificaciones en la transferencia de sus productos. Durante una ampliaci\u00f3n o una l\u00ednea de producci\u00f3n muy larga, esto se convierte en un problema para sus transferencias, ya que la distancia es elevada y sus bombas actuales no pueden superar cierta distancia de transferencia.<\/p>\n<p>Hemos dise\u00f1ado bombas de transferencia que permiten un traslado a <a href=\"https:\/\/www.gmmi.fr\/es\/opciones-de-bioseguridad-alimentaria\/#long\">distancias ilimitadas<\/a>; tambi\u00e9n pueden transferir a trav\u00e9s de tuber\u00edas de una f\u00e1brica a otra.[\/vc_column_text][\/vc_column][\/vc_row][vc_row][vc_column][vc_column_text el_class=\u00bbh2-to-h1&#8243;]<\/p>\n<p class=\"stitre_page\">A ustedes les toca actuar<\/p>\n<p>[\/vc_column_text][vc_separator color=\u00bbcustom\u00bb border_width=\u00bb3&#8243; el_width=\u00bb10&#8243; accent_color=\u00bb#00abe8&#8243;][\/vc_column][\/vc_row][vc_row full_width=\u00bbstretch_row\u00bb][vc_column][vc_column_text]La transferencia de productos seg\u00fan su materia presenta desaf\u00edos \u00fanicos que requieren atenci\u00f3n especial.<\/p>\n<p>Si enfrenta alguna de estas problem\u00e1ticas o alguna otra, h\u00e1ganoslo saber para que podamos ofrecerle soluciones.[\/vc_column_text][\/vc_column][\/vc_row][vc_row][vc_column][vc_empty_space][vc_btn title=\u00bbContacte con nosotros\u00bb style=\u00bbcustom\u00bb custom_background=\u00bb#97c00e\u00bb custom_text=\u00bb#ffffff\u00bb align=\u00bbcenter\u00bb link=\u00bburl:https%3A%2F%2Fwww.gmmi.fr%2Fes%2Fcontacto-gmmi-gibair%2F|title:Contact%20GMMI%20gibair\u00bb el_class=\u00bbhover-bleu\u00bb][\/vc_column][\/vc_row]<\/p>\n<\/section>","protected":false},"excerpt":{"rendered":"<p>[vc_row full_width=\u00bbstretch_row\u00bb css=\u00bb.vc_custom_1749719695233{background-color: #eaeaea !important;}\u00bb el_class=\u00bbcentrage-video\u00bb][vc_column][vc_column_text][\/vc_column_text][\/vc_column][\/vc_row][vc_row css=\u00bb.vc_custom_1749719689735{margin-top: 35px !important;margin-bottom: 0px !important;padding-bottom: 0px !important;}\u00bb][vc_column css=\u00bb.vc_custom_1690813894377{margin-bottom: 0px !important;padding-bottom: 0px !important;}\u00bb][vc_column_text el_class=\u00bbtxt-bleu-clair h1&#8243;] Los Desaf\u00edos de la Transferencia de<span class=\"excerpt-hellip\"> [\u2026]<\/span><\/p>\n","protected":false},"author":1,"featured_media":0,"parent":0,"menu_order":0,"comment_status":"closed","ping_status":"closed","template":"","meta":{"footnotes":""},"class_list":["post-616","page","type-page","status-publish","hentry"],"_links":{"self":[{"href":"https:\/\/www.gmmi.fr\/es\/wp-json\/wp\/v2\/pages\/616","targetHints":{"allow":["GET"]}}],"collection":[{"href":"https:\/\/www.gmmi.fr\/es\/wp-json\/wp\/v2\/pages"}],"about":[{"href":"https:\/\/www.gmmi.fr\/es\/wp-json\/wp\/v2\/types\/page"}],"author":[{"embeddable":true,"href":"https:\/\/www.gmmi.fr\/es\/wp-json\/wp\/v2\/users\/1"}],"replies":[{"embeddable":true,"href":"https:\/\/www.gmmi.fr\/es\/wp-json\/wp\/v2\/comments?post=616"}],"version-history":[{"count":3,"href":"https:\/\/www.gmmi.fr\/es\/wp-json\/wp\/v2\/pages\/616\/revisions"}],"predecessor-version":[{"id":702,"href":"https:\/\/www.gmmi.fr\/es\/wp-json\/wp\/v2\/pages\/616\/revisions\/702"}],"wp:attachment":[{"href":"https:\/\/www.gmmi.fr\/es\/wp-json\/wp\/v2\/media?parent=616"}],"curies":[{"name":"wp","href":"https:\/\/api.w.org\/{rel}","templated":true}]}}