{"id":614,"date":"2025-07-04T10:27:34","date_gmt":"2025-07-04T08:27:34","guid":{"rendered":"https:\/\/www.gmmi.fr\/es\/?page_id=614"},"modified":"2025-10-15T21:51:10","modified_gmt":"2025-10-15T19:51:10","slug":"transferencia-de-productos-alimentarios-por-tuberia-pollo","status":"publish","type":"page","link":"https:\/\/www.gmmi.fr\/es\/transferencia-de-productos-alimentarios-por-tuberia-pollo\/","title":{"rendered":"Transferencia de Productos Alimentarios por Tuber\u00eda: Pollo"},"content":{"rendered":"<section class=\"wpb-content-wrapper\"><p>[vc_row full_width=\u00bbstretch_row\u00bb disable_element=\u00bbyes\u00bb css=\u00bb.vc_custom_1697524674997{background-color: #eaeaea !important;}\u00bb el_class=\u00bbcentrage-video\u00bb][vc_column][vc_column_text][\/vc_column_text][\/vc_column][\/vc_row][vc_row css=\u00bb.vc_custom_1746179109973{margin-top: 35px !important;margin-bottom: 0px !important;padding-bottom: 0px !important;}\u00bb][vc_column css=\u00bb.vc_custom_1690813894377{margin-bottom: 0px !important;padding-bottom: 0px !important;}\u00bb][vc_column_text el_class=\u00bbtxt-bleu-clair h1&#8243;]<\/p>\n<h1 class=\"titre_page\">Soluciones Innovadoras para la Transferencia de Pollo<\/h1>\n<p>[\/vc_column_text][\/vc_column][\/vc_row][vc_row disable_element=\u00bbyes\u00bb][vc_column][vc_empty_space][vc_separator color=\u00bbcustom\u00bb border_width=\u00bb3&#8243; el_width=\u00bb10&#8243; accent_color=\u00bb#00abe8&#8243;][\/vc_column][\/vc_row][vc_row][vc_column][vc_column_text]El transporte de aves es un desaf\u00edo crucial para la industria agroalimentaria. Asegurar la integridad de los productos mientras se mantiene una eficiencia operativa requiere soluciones de vanguardia. Aqu\u00ed es donde interviene la transferencia por tuber\u00eda, un m\u00e9todo que es a la vez higi\u00e9nico, r\u00e1pido y adecuado para las aves en todas sus formas.[\/vc_column_text][\/vc_column][\/vc_row][vc_row full_width=\u00bbstretch_row\u00bb gap=\u00bb30&#8243; equal_height=\u00bbyes\u00bb css=\u00bb.vc_custom_1737454522478{background-color: #f0f3ed !important;}\u00bb][vc_column el_class=\u00bbtableau-responcive\u00bb][vc_column_text el_class=\u00bbh2-to-h1&#8243;]<\/p>\n<h2>\u00bfPor qu\u00e9 elegir la transferencia por tuber\u00eda para sus aves?<\/h2>\n<p>[\/vc_column_text][\/vc_column][\/vc_row][vc_row full_width=\u00bbstretch_row\u00bb gap=\u00bb30&#8243; equal_height=\u00bbyes\u00bb css=\u00bb.vc_custom_1737454522478{background-color: #f0f3ed !important;}\u00bb][vc_column width=\u00bb1\/2&#8243; el_class=\u00bbtableau-responcive\u00bb][vc_column_text]La transferencia por tuber\u00eda presenta numerosos beneficios para los profesionales de la agroalimentaci\u00f3n:<\/p>\n<ol>\n<li><b>Bioseguridad<\/b>: Los sistemas de tuber\u00eda est\u00e1n dise\u00f1ados para minimizar las contaminaciones cruzadas, gracias a materiales que cumplen con las <b>normas alimentarias<\/b> y a procedimientos de limpieza establecidos (NEP\/CIP).<\/li>\n<li><strong>Reducci\u00f3n de p\u00e9rdidas<\/strong>: A diferencia de los m\u00e9todos tradicionales de transporte manual o mec\u00e1nico, la transferencia por tuber\u00eda limita las degradaciones de los productos, lo cual es crucial para las aves, ya sean enteras o pre-cortadas.<\/li>\n<li><strong>Eficiencia y automatizaci\u00f3n<\/strong>: Los sistemas est\u00e1n dise\u00f1ados para integrarse f\u00e1cilmente en una cadena de producci\u00f3n automatizada, reduciendo as\u00ed los costos de mano de obra y mejorando la productividad.<\/li>\n<\/ol>\n<p>[\/vc_column_text][\/vc_column][vc_column width=\u00bb1\/2&#8243;][vc_column_text]<\/p>\n<h3>Aplicaciones Principales de la transferencia por tuber\u00eda de aves<\/h3>\n<p>La transferencia por tuber\u00eda presenta numerosos beneficios para los profesionales de la agroalimentaci\u00f3n:<\/p>\n<ul>\n<li>carne Vsm,<\/li>\n<li>carcazas,<\/li>\n<li>pollo entero,<\/li>\n<li>cabezas,<\/li>\n<li>patas,<\/li>\n<li>v\u00edsceras,<\/li>\n<li>espinas,<\/li>\n<li>cuellos,<\/li>\n<li>huesos,<\/li>\n<li>piel,<\/li>\n<li>h\u00edgados,<\/li>\n<li>muslos,<\/li>\n<li>caderas,<\/li>\n<li>puntas de alas,<\/li>\n<li>trozos de aves.<\/li>\n<\/ul>\n<p>[\/vc_column_text][\/vc_column][\/vc_row][vc_row][vc_column][vc_column_text]La transferencia por tuber\u00eda permite trasladar las aves mientras se preserva su calidad. Esta soluci\u00f3n es ideal para garantizar la integridad de los productos a lo largo de la cadena de producci\u00f3n.<\/p>\n<p>Para los productos sensibles, la transferencia a baja presi\u00f3n asegura un transporte suave, reduciendo los riesgos de degradaci\u00f3n y preservando la apariencia y frescura de los productos.[\/vc_column_text][vc_separator color=\u00bbcustom\u00bb border_width=\u00bb3&#8243; el_width=\u00bb10&#8243; accent_color=\u00bb#00abe8&#8243;][\/vc_column][\/vc_row][vc_row full_width=\u00bbstretch_row\u00bb css=\u00bb.vc_custom_1737617618392{background-color: #f0f3ed !important;}\u00bb][vc_column][vc_column_text el_class=\u00bbh2-to-h1&#8243;]<\/p>\n<h3 class=\"stitre_page\">Nuestros Compromisos con la fabricaci\u00f3n de soluciones de transferencia de aves<\/h3>\n<p>[\/vc_column_text][vc_separator color=\u00bbcustom\u00bb border_width=\u00bb3&#8243; el_width=\u00bb10&#8243; accent_color=\u00bb#00abe8&#8243;][vc_column_text]<\/p>\n<ul>\n<li>Seguridad Alimentaria: Todos nuestros equipos cumplen con las normas vigentes (<b>HACCP<\/b>, <b>ISO 22000<\/b>).<\/li>\n<li>Innovaci\u00f3n: Nuestras equipos de ingenieros trabajan continuamente en la mejora del rendimiento y la eficiencia de nuestras soluciones (I+D).<\/li>\n<\/ul>\n<p>[\/vc_column_text][\/vc_column][\/vc_row][vc_row][vc_column][vc_column_text]<strong>Cont\u00e1ctenos<\/strong><\/p>\n<p>\u00bfDesea saber m\u00e1s sobre nuestras <b>soluciones de transferencia por tuber\u00eda para aves<\/b>?<\/p>\n<p>\u00a1<a href=\"https:\/\/www.gmmi.fr\/es\/contacto-gmmi-gibair\/\">Cont\u00e1cte a nuestros expertos<\/a> hoy mismo para discutir sus necesidades y obtener una oferta personalizada![\/vc_column_text][vc_empty_space][vc_btn title=\u00bbContacte con nosotros\u00bb style=\u00bbcustom\u00bb custom_background=\u00bb#97c00e\u00bb custom_text=\u00bb#ffffff\u00bb align=\u00bbcenter\u00bb link=\u00bburl:https%3A%2F%2Fwww.gmmi.fr%2Fes%2Fcontacto-gmmi-gibair%2F|title:Contact%20GMMI%20gibair\u00bb el_class=\u00bbhover-bleu\u00bb][\/vc_column][\/vc_row]<\/p>\n<\/section>","protected":false},"excerpt":{"rendered":"<p>[vc_row full_width=\u00bbstretch_row\u00bb disable_element=\u00bbyes\u00bb css=\u00bb.vc_custom_1697524674997{background-color: #eaeaea !important;}\u00bb el_class=\u00bbcentrage-video\u00bb][vc_column][vc_column_text][\/vc_column_text][\/vc_column][\/vc_row][vc_row css=\u00bb.vc_custom_1746179109973{margin-top: 35px !important;margin-bottom: 0px !important;padding-bottom: 0px !important;}\u00bb][vc_column css=\u00bb.vc_custom_1690813894377{margin-bottom: 0px !important;padding-bottom: 0px !important;}\u00bb][vc_column_text el_class=\u00bbtxt-bleu-clair h1&#8243;] Soluciones Innovadoras para la Transferencia<span class=\"excerpt-hellip\"> [\u2026]<\/span><\/p>\n","protected":false},"author":1,"featured_media":0,"parent":0,"menu_order":0,"comment_status":"closed","ping_status":"closed","template":"","meta":{"footnotes":""},"class_list":["post-614","page","type-page","status-publish","hentry"],"_links":{"self":[{"href":"https:\/\/www.gmmi.fr\/es\/wp-json\/wp\/v2\/pages\/614","targetHints":{"allow":["GET"]}}],"collection":[{"href":"https:\/\/www.gmmi.fr\/es\/wp-json\/wp\/v2\/pages"}],"about":[{"href":"https:\/\/www.gmmi.fr\/es\/wp-json\/wp\/v2\/types\/page"}],"author":[{"embeddable":true,"href":"https:\/\/www.gmmi.fr\/es\/wp-json\/wp\/v2\/users\/1"}],"replies":[{"embeddable":true,"href":"https:\/\/www.gmmi.fr\/es\/wp-json\/wp\/v2\/comments?post=614"}],"version-history":[{"count":3,"href":"https:\/\/www.gmmi.fr\/es\/wp-json\/wp\/v2\/pages\/614\/revisions"}],"predecessor-version":[{"id":707,"href":"https:\/\/www.gmmi.fr\/es\/wp-json\/wp\/v2\/pages\/614\/revisions\/707"}],"wp:attachment":[{"href":"https:\/\/www.gmmi.fr\/es\/wp-json\/wp\/v2\/media?parent=614"}],"curies":[{"name":"wp","href":"https:\/\/api.w.org\/{rel}","templated":true}]}}