{"id":612,"date":"2025-07-03T17:46:50","date_gmt":"2025-07-03T15:46:50","guid":{"rendered":"https:\/\/www.gmmi.fr\/es\/?page_id=612"},"modified":"2025-10-15T21:59:27","modified_gmt":"2025-10-15T19:59:27","slug":"transferencia-neumatica-por-tuberia","status":"publish","type":"page","link":"https:\/\/www.gmmi.fr\/es\/transferencia-neumatica-por-tuberia\/","title":{"rendered":"Transferencia Neum\u00e1tica por Tuber\u00eda: La Soluci\u00f3n Higi\u00e9nica y Eficiente para su Producci\u00f3n"},"content":{"rendered":"<section class=\"wpb-content-wrapper\"><p>[vc_row full_width=\u00bbstretch_row\u00bb disable_element=\u00bbyes\u00bb css=\u00bb.vc_custom_1697524674997{background-color: #eaeaea !important;}\u00bb el_class=\u00bbcentrage-video\u00bb][vc_column][vc_column_text][\/vc_column_text][\/vc_column][\/vc_row][vc_row css=\u00bb.vc_custom_1746179109973{margin-top: 35px !important;margin-bottom: 0px !important;padding-bottom: 0px !important;}\u00bb][vc_column css=\u00bb.vc_custom_1690813894377{margin-bottom: 0px !important;padding-bottom: 0px !important;}\u00bb][vc_column_text el_class=\u00bbtxt-bleu-clair h1&#8243;]<\/p>\n<h1 class=\"titre_page\">TRANSFERENCIA NEUM\u00c1TICA POR TUBER\u00cdA: LA SOLUCI\u00d3N HIGI\u00c9NICA Y EFICIENTE PARA SU PRODUCCI\u00d3N<\/h1>\n<p>[\/vc_column_text][\/vc_column][\/vc_row][vc_row][vc_column][vc_empty_space][vc_column_text el_class=\u00bbh2-to-h1 upper\u00bb]<\/p>\n<h2 class=\"stitre_page\">\u00bfQu\u00e9 es la transferencia neum\u00e1tica de alimentos?<\/h2>\n<p>[\/vc_column_text][vc_separator color=\u00bbcustom\u00bb border_width=\u00bb3&#8243; el_width=\u00bb10&#8243; accent_color=\u00bb#00abe8&#8243;][\/vc_column][\/vc_row][vc_row][vc_column][vc_column_text]La transferencia neum\u00e1tica es una soluci\u00f3n moderna y eficaz que permite transportar productos alimentarios u otros a granel mediante flujos de aire comprimido o vac\u00edo.<\/p>\n<p>Inspir\u00e1ndose en estas tecnolog\u00edas neum\u00e1ticas, GMMI ha creado su propia bomba patentada que optimiza este flujo de aire al crear un <a href=\"https:\/\/www.gmmi.fr\/es\/transferencia-tuberias-industria-alimentaria\/#biosecurite\">efecto s\u00f3nico<\/a> para limitar su consumo energ\u00e9tico mientras mejora su rendimiento.<\/p>\n<p>GMMI ha permitido la adaptaci\u00f3n a una gran variedad de materias que antes no eran transferibles. Transfiere todo tipo de productos por tuber\u00eda de manera r\u00e1pida, a <a href=\"https:\/\/www.gmmi.fr\/es\/opciones-de-bioseguridad-alimentaria\/#long\">largas distancias<\/a> (m\u00e1s de 500 m) y sin necesidad de agua.[\/vc_column_text][vc_btn title=\u00bbM\u00e1s informaci\u00f3n sobre nuestra bomba de transferencia neum\u00e1tica\u00bb style=\u00bbcustom\u00bb custom_background=\u00bb#97c00e\u00bb custom_text=\u00bb#ffffff\u00bb align=\u00bbcenter\u00bb link=\u00bburl:https%3A%2F%2Fwww.gmmi.fr%2Fes%2Ftrasvase-de-tuberias-gicompress%2F|title:Contact%20GMMI%20gibair\u00bb el_class=\u00bbhover-bleu\u00bb][\/vc_column][\/vc_row][vc_row full_width=\u00bbstretch_row\u00bb gap=\u00bb30&#8243; equal_height=\u00bbyes\u00bb css=\u00bb.vc_custom_1737454522478{background-color: #f0f3ed !important;}\u00bb][vc_column el_class=\u00bbtableau-responcive\u00bb][vc_column_text el_class=\u00bbh2-to-h1&#8243;]<\/p>\n<h2>\u00bfPor qu\u00e9 adoptar la transferencia neum\u00e1tica para sus productos alimentarios?<\/h2>\n<p>[\/vc_column_text][\/vc_column][\/vc_row][vc_row full_width=\u00bbstretch_row\u00bb gap=\u00bb30&#8243; equal_height=\u00bbyes\u00bb css=\u00bb.vc_custom_1737454522478{background-color: #f0f3ed !important;}\u00bb][vc_column width=\u00bb1\/2&#8243; el_class=\u00bbtableau-responcive\u00bb][vc_column_text]La transferencia neum\u00e1tica ofrece numerosas ventajas para la industria agroalimentaria:<\/p>\n<ol>\n<li><a href=\"https:\/\/www.gmmi.fr\/es\/transferencia-tuberias-industria-alimentaria\/#biosecurite\"><b>Bioseguridad<\/b><\/a>: Nuestros sistemas est\u00e1n dise\u00f1ados para cumplir con las estrictas normas de seguridad alimentaria (HACCP, ISO 22000), garantizando la eliminaci\u00f3n de la contaminaci\u00f3n cruzada y f\u00e1cil limpieza gracias al CIP integrado en cada bomba de transferencia.<\/li>\n<li>Flexibilidad: Nuestras soluciones permiten transportar toda variedad de productos, cualquier tipo de materia sin alterar su calidad o respetando sus vol\u00famenes.<\/li>\n<li>Rendimiento: 7 veces m\u00e1s potente y 4 veces menos energ\u00e9tico, una transferencia automatizada permite un aumento de la productividad en cada ocasi\u00f3n.<\/li>\n<li>Respeto por los productos: Contamos con diferentes modos de transferencia: la transferencia a alta presi\u00f3n que transfiere los productos a gran velocidad y la transferencia a baja presi\u00f3n para productos fr\u00e1giles y sensibles o para preservar el estado de la materia.<\/li>\n<li>Mantenimiento: Poco mantenimiento despu\u00e9s de la instalaci\u00f3n (mantenimiento a realizar una vez al a\u00f1o).<\/li>\n<\/ol>\n<p>[\/vc_column_text][\/vc_column][vc_column width=\u00bb1\/2&#8243;][vc_column_text]<\/p>\n<h3 style=\"text-align: center;\">Aplicaciones principales de la transferencia neum\u00e1tica de alimentos<\/h3>\n<p>Transferencia de polvos y gr\u00e1nulos<\/p>\n<p>La transferencia neum\u00e1tica es ideal para el transporte de productos como:<\/p>\n<ul>\n<li>Pescado<\/li>\n<li>Polvo<\/li>\n<li>Aves<\/li>\n<li>Platos preparados<\/li>\n<li>Ingredientes PAI<\/li>\n<li>Alimentos para mascotas<\/li>\n<li>Productos farmac\u00e9uticos<\/li>\n<li>Harinas y almidones<\/li>\n<li>Az\u00facar en polvo<\/li>\n<li>Leche en polvo<\/li>\n<li>Cereales y semillas<\/li>\n<li>Especias y aromas<\/li>\n<\/ul>\n<p>[\/vc_column_text][\/vc_column][\/vc_row][vc_row][vc_column][vc_column_text el_class=\u00bbh2-to-h1&#8243;]<\/p>\n<h2 class=\"stitre_page\" style=\"text-align: center;\">Cargas y descargas automatizadas<\/h2>\n<p>[\/vc_column_text][vc_separator color=\u00bbcustom\u00bb border_width=\u00bb3&#8243; el_width=\u00bb10&#8243; accent_color=\u00bb#00abe8&#8243;][\/vc_column][\/vc_row][vc_row full_width=\u00bbstretch_row\u00bb][vc_column][vc_column_text]Nuestros sistemas neum\u00e1ticos son perfectamente adecuados para procesos automatizados en los que los productos alimentarios se transfieren entre diferentes etapas de producci\u00f3n, como:<\/p>\n<ul>\n<li>La recepci\u00f3n de materias primas<\/li>\n<li>La dosificaci\u00f3n precisa para mezclas<\/li>\n<li>La alimentaci\u00f3n de las m\u00e1quinas de envasado<\/li>\n<li>La gesti\u00f3n de materias de riesgo hacia el contenedor de categor\u00eda 3 o la unidad de alimentos para mascotas<\/li>\n<\/ul>\n<p>[\/vc_column_text][\/vc_column][\/vc_row][vc_row][vc_column][vc_empty_space][vc_btn title=\u00bbContacte con nosotros\u00bb style=\u00bbcustom\u00bb custom_background=\u00bb#97c00e\u00bb custom_text=\u00bb#ffffff\u00bb align=\u00bbcenter\u00bb link=\u00bburl:https%3A%2F%2Fwww.gmmi.fr%2Fes%2Fcontacto-gmmi-gibair%2F|title:Contact%20GMMI%20gibair\u00bb el_class=\u00bbhover-bleu\u00bb][\/vc_column][\/vc_row][vc_row full_width=\u00bbstretch_row\u00bb css=\u00bb.vc_custom_1737617618392{background-color: #f0f3ed !important;}\u00bb][vc_column width=\u00bb1\/2&#8243;][vc_column_text el_class=\u00bbh2-to-h1&#8243;]<\/p>\n<p class=\"stitre_page\" style=\"text-align: center;\">Reducci\u00f3n de riesgos de contaminaci\u00f3n<\/p>\n<p>[\/vc_column_text][vc_separator color=\u00bbcustom\u00bb border_width=\u00bb3&#8243; el_width=\u00bb10&#8243; accent_color=\u00bb#00abe8&#8243;][vc_column_text]La transferencia por tuber\u00eda cerrada impide cualquier contaminaci\u00f3n externa. Es particularmente adecuada para entornos que exigen condiciones de higiene estrictas.[\/vc_column_text][\/vc_column][vc_column width=\u00bb1\/2&#8243;][vc_column_text el_class=\u00bbh2-to-h1&#8243;]<\/p>\n<h3 class=\"stitre_page\" style=\"text-align: center;\">\u00bfPor qu\u00e9 elegir nuestras soluciones de transferencia neum\u00e1tica de alimentos?<\/h3>\n<p>[\/vc_column_text][vc_separator color=\u00bbcustom\u00bb border_width=\u00bb3&#8243; el_width=\u00bb10&#8243; accent_color=\u00bb#00abe8&#8243;][vc_column_text]<\/p>\n<ul>\n<li>Materiales de calidad: Todos los componentes est\u00e1n fabricados con materiales que cumplen con las normas alimentarias, garantizando durabilidad y seguridad. Acero inoxidable 304L o para materias abrasivas en 316L.<\/li>\n<li>Experiencia: Con m\u00e1s de 30 a\u00f1os de experiencia en el campo, ofrecemos soluciones fiables e innovadoras para optimizar su producci\u00f3n.<\/li>\n<\/ul>\n<p>[\/vc_column_text][\/vc_column][\/vc_row][vc_row][vc_column][vc_column_text]<strong>Cont\u00e1ctenos para sus proyectos<\/strong><\/p>\n<p>\u00bfNecesita una soluci\u00f3n de transferencia neum\u00e1tica?<br \/>\nCont\u00e1cte a nuestros expertos para discutir sus necesidades y obtener una propuesta personalizada.[\/vc_column_text][vc_empty_space][vc_btn title=\u00bbContacte con nosotros\u00bb style=\u00bbcustom\u00bb custom_background=\u00bb#97c00e\u00bb custom_text=\u00bb#ffffff\u00bb align=\u00bbcenter\u00bb link=\u00bburl:https%3A%2F%2Fwww.gmmi.fr%2Fes%2Fcontacto-gmmi-gibair%2F|title:Contact%20GMMI%20gibair\u00bb el_class=\u00bbhover-bleu\u00bb][\/vc_column][\/vc_row]<\/p>\n<\/section>","protected":false},"excerpt":{"rendered":"<p>[vc_row full_width=\u00bbstretch_row\u00bb disable_element=\u00bbyes\u00bb css=\u00bb.vc_custom_1697524674997{background-color: #eaeaea !important;}\u00bb el_class=\u00bbcentrage-video\u00bb][vc_column][vc_column_text][\/vc_column_text][\/vc_column][\/vc_row][vc_row css=\u00bb.vc_custom_1746179109973{margin-top: 35px !important;margin-bottom: 0px !important;padding-bottom: 0px !important;}\u00bb][vc_column css=\u00bb.vc_custom_1690813894377{margin-bottom: 0px !important;padding-bottom: 0px !important;}\u00bb][vc_column_text el_class=\u00bbtxt-bleu-clair h1&#8243;] TRANSFERENCIA NEUM\u00c1TICA POR TUBER\u00cdA: LA<span class=\"excerpt-hellip\"> [\u2026]<\/span><\/p>\n","protected":false},"author":1,"featured_media":0,"parent":0,"menu_order":0,"comment_status":"closed","ping_status":"closed","template":"","meta":{"footnotes":""},"class_list":["post-612","page","type-page","status-publish","hentry"],"_links":{"self":[{"href":"https:\/\/www.gmmi.fr\/es\/wp-json\/wp\/v2\/pages\/612","targetHints":{"allow":["GET"]}}],"collection":[{"href":"https:\/\/www.gmmi.fr\/es\/wp-json\/wp\/v2\/pages"}],"about":[{"href":"https:\/\/www.gmmi.fr\/es\/wp-json\/wp\/v2\/types\/page"}],"author":[{"embeddable":true,"href":"https:\/\/www.gmmi.fr\/es\/wp-json\/wp\/v2\/users\/1"}],"replies":[{"embeddable":true,"href":"https:\/\/www.gmmi.fr\/es\/wp-json\/wp\/v2\/comments?post=612"}],"version-history":[{"count":4,"href":"https:\/\/www.gmmi.fr\/es\/wp-json\/wp\/v2\/pages\/612\/revisions"}],"predecessor-version":[{"id":712,"href":"https:\/\/www.gmmi.fr\/es\/wp-json\/wp\/v2\/pages\/612\/revisions\/712"}],"wp:attachment":[{"href":"https:\/\/www.gmmi.fr\/es\/wp-json\/wp\/v2\/media?parent=612"}],"curies":[{"name":"wp","href":"https:\/\/api.w.org\/{rel}","templated":true}]}}