{"id":610,"date":"2025-07-03T17:02:26","date_gmt":"2025-07-03T15:02:26","guid":{"rendered":"https:\/\/www.gmmi.fr\/es\/?page_id=610"},"modified":"2025-10-15T21:55:18","modified_gmt":"2025-10-15T19:55:18","slug":"solucion-transferencia-neumatica-de-alimentos","status":"publish","type":"page","link":"https:\/\/www.gmmi.fr\/es\/solucion-transferencia-neumatica-de-alimentos\/","title":{"rendered":"Transferencia Neum\u00e1tica de Alimentos: Beneficios para Sus Actividades"},"content":{"rendered":"<section class=\"wpb-content-wrapper\"><p>[vc_row full_width=\u00bbstretch_row\u00bb disable_element=\u00bbyes\u00bb css=\u00bb.vc_custom_1697524674997{background-color: #eaeaea !important;}\u00bb el_class=\u00bbcentrage-video\u00bb][vc_column][vc_column_text][\/vc_column_text][\/vc_column][\/vc_row][vc_row css=\u00bb.vc_custom_1746179109973{margin-top: 35px !important;margin-bottom: 0px !important;padding-bottom: 0px !important;}\u00bb][vc_column css=\u00bb.vc_custom_1690813894377{margin-bottom: 0px !important;padding-bottom: 0px !important;}\u00bb][vc_column_text el_class=\u00bbtxt-bleu-clair h1&#8243;]<\/p>\n<h1 class=\"titre_page\">TRANSFERENCIA NEUM\u00c1TICA DE ALIMENTOS: BENEFICIOS PARA SUS ACTIVIDADES<\/h1>\n<p>[\/vc_column_text][\/vc_column][\/vc_row][vc_row disable_element=\u00bbyes\u00bb][vc_column][vc_column_text el_class=\u00bbtxt-gris-clair h2&#8243;]<\/p>\n<h2 class=\"stitre_page\">\u00bfPor qu\u00e9 nuestros sistemas de transferencia neum\u00e1tica por tuber\u00eda son ideales para su empresa?<\/h2>\n<p>[\/vc_column_text][\/vc_column][\/vc_row][vc_row][vc_column][vc_empty_space][vc_column_text el_class=\u00bbh2-to-h1 upper\u00bb]<\/p>\n<h2 class=\"stitre_page\">\u00bfPor qu\u00e9 nuestros sistemas de transferencia neum\u00e1tica por tuber\u00eda son ideales para su empresa?<\/h2>\n<p>[\/vc_column_text][vc_separator color=\u00bbcustom\u00bb border_width=\u00bb3&#8243; el_width=\u00bb10&#8243; accent_color=\u00bb#00abe8&#8243;][\/vc_column][\/vc_row][vc_row][vc_column][vc_column_text]Como industria agroalimentaria, busca soluciones bioseguras, eficientes y adaptadas a sus necesidades. Nuestra transferencia neum\u00e1tica responde a sus expectativas al permitirle optimizar sus procesos de transferencia mientras cumple con las normas sanitarias m\u00e1s estrictas.[\/vc_column_text][vc_btn title=\u00bbM\u00e1s informaci\u00f3n sobre nuestra soluci\u00f3n de transferencia neum\u00e1tica Gibair\u00bb style=\u00bbcustom\u00bb custom_background=\u00bb#97c00e\u00bb custom_text=\u00bb#ffffff\u00bb align=\u00bbcenter\u00bb link=\u00bburl:https%3A%2F%2Fwww.gmmi.fr%2Fes%2Ftransferencia-de-tuberia-gibair%2F|title:Contact%20GMMI%20gibair\u00bb el_class=\u00bbhover-bleu\u00bb][\/vc_column][\/vc_row][vc_row full_width=\u00bbstretch_row\u00bb gap=\u00bb30&#8243; equal_height=\u00bbyes\u00bb css=\u00bb.vc_custom_1737454522478{background-color: #f0f3ed !important;}\u00bb][vc_column el_class=\u00bbtableau-responcive\u00bb][vc_column_text el_class=\u00bbh2-to-h1&#8243;]<\/p>\n<h2>\u00bfCu\u00e1les son nuestras Ventajas en la transferencia neum\u00e1tica para la industria alimentaria?<\/h2>\n<p>[\/vc_column_text][\/vc_column][\/vc_row][vc_row full_width=\u00bbstretch_row\u00bb gap=\u00bb30&#8243; equal_height=\u00bbyes\u00bb css=\u00bb.vc_custom_1737454522478{background-color: #f0f3ed !important;}\u00bb][vc_column width=\u00bb1\/2&#8243; el_class=\u00bbtableau-responcive\u00bb][vc_column_text]<\/p>\n<ol>\n<li>Mejora de la Calidad de los Productos\n<ul>\n<li>Transporte sin desnaturalizaci\u00f3n: Nuestras bombas tienen diferentes programaciones para transferir sus productos seg\u00fan sus particularidades, como productos fr\u00e1giles, blandos, duros, l\u00edquidos, en polvo, etc.<br \/>\nTambi\u00e9n contamos con diferentes modelos seg\u00fan los vol\u00famenes a transferir (de 1 a 10 m\u00b3\/h).<\/li>\n<li>Cumplimiento de las normas sanitarias: Conforme a todas las regulaciones alimentarias (HACCP, FDA, etc.) con un equipo CIP\/NEP integrado y materiales que cumplen con las normas alimentarias para garantizar una transferencia biosegura.<\/li>\n<\/ul>\n<\/li>\n<li>Aumento de su Productividad\n<ul>\n<li>Transferencia por presi\u00f3n positiva: funcionamiento por ciclos optimizados para garantizar el ritmo de su proceso antes y despu\u00e9s de nuestros equipos.<\/li>\n<li>Transferencia 7 veces m\u00e1s potente y 4 veces menos consumidora de energ\u00eda que la aspiraci\u00f3n.<\/li>\n<li>Optimizaci\u00f3n de la transferencia de productos, a corta y larga distancia.<\/li>\n<li>Eliminaci\u00f3n de riesgos de obstrucci\u00f3n y p\u00e9rdidas de materia.<\/li>\n<li>Transferencia sin necesidad de agua: Ahorro de agua y energ\u00eda.<\/li>\n<\/ul>\n<\/li>\n<\/ol>\n<p>[\/vc_column_text][\/vc_column][vc_column width=\u00bb1\/2&#8243;][vc_column_text]<\/p>\n<ol start=\"3\">\n<li>Reducci\u00f3n de Costos y Constricciones\n<ul>\n<li>Eliminaci\u00f3n de mano de obra gracias a nuestros sistemas 100% automatizados con un proceso integrado en su herramienta de producci\u00f3n.<\/li>\n<li>Minimizaci\u00f3n de los costos de mantenimiento con un equipo robusto y duradero, con una necesidad casi inexistente de piezas de repuesto.<\/li>\n<\/ul>\n<\/li>\n<li>Adaptamos nuestras soluciones de transferencia a sus necesidades\n<ul>\n<li>Industria: aves, pescado, polvo, platos preparados, ingredientes PAI, alimentos para mascotas, farmac\u00e9utica, frutas, verduras y cualquier otra industria posible.<\/li>\n<li>Materiales: sensibles, blandos, en polvo, granulados, viscosos, l\u00edquidos, gelatinosos, cremosos, pastosos, pl\u00e1sticos y envases deformables, abrasivos o en grandes cantidades.<\/li>\n<\/ul>\n<\/li>\n<\/ol>\n<p>[\/vc_column_text][\/vc_column][\/vc_row][vc_row][vc_column][vc_column_text el_class=\u00bbh2-to-h1&#8243;]<\/p>\n<h2 class=\"stitre_page\">Investigaci\u00f3n y Desarrollo<\/h2>\n<p>[\/vc_column_text][vc_separator color=\u00bbcustom\u00bb border_width=\u00bb3&#8243; el_width=\u00bb10&#8243; accent_color=\u00bb#00abe8&#8243;][\/vc_column][\/vc_row][vc_row full_width=\u00bbstretch_row\u00bb][vc_column][vc_column_text]En GMMI, la innovaci\u00f3n est\u00e1 en el coraz\u00f3n de nuestro ADN. Nos comprometemos a enfrentar cada uno de sus desaf\u00edos \u00fanicos, que no siempre encuentran soluciones adecuadas en el mercado actual. Gracias a nuestro enfoque colaborativo y nuestra experiencia t\u00e9cnica, desarrollamos soluciones para satisfacer sus necesidades espec\u00edficas.[\/vc_column_text][\/vc_column][\/vc_row][vc_row][vc_column][vc_empty_space][vc_btn title=\u00bbContacte con nosotros\u00bb style=\u00bbcustom\u00bb custom_background=\u00bb#97c00e\u00bb custom_text=\u00bb#ffffff\u00bb align=\u00bbcenter\u00bb link=\u00bburl:https%3A%2F%2Fwww.gmmi.fr%2Fes%2Fcontacto-gmmi-gibair%2F|title:Contact%20GMMI%20gibair\u00bb el_class=\u00bbhover-bleu\u00bb][\/vc_column][\/vc_row][vc_row full_width=\u00bbstretch_row\u00bb css=\u00bb.vc_custom_1737617618392{background-color: #f0f3ed !important;}\u00bb][vc_column width=\u00bb1\/2&#8243;][vc_column_text el_class=\u00bbh2-to-h1&#8243;]<\/p>\n<p class=\"stitre_page\">Sus Intereses como Prospecto<\/p>\n<p>[\/vc_column_text][vc_separator color=\u00bbcustom\u00bb border_width=\u00bb3&#8243; el_width=\u00bb10&#8243; accent_color=\u00bb#00abe8&#8243;][vc_column_text]Una soluci\u00f3n llave en mano<br \/>\nUsted se beneficia de un acompa\u00f1amiento completo:<\/p>\n<ul>\n<li>Auditor\u00eda y asesoramiento personalizado para entender sus necesidades.<\/li>\n<li>Experiencia gratuita.<\/li>\n<li>Dise\u00f1o de un sistema adaptado a sus productos, vol\u00famenes y su entorno.<\/li>\n<li>Instalaci\u00f3n r\u00e1pida.<\/li>\n<li>Servicio postventa reactivo.<\/li>\n<li>Red de expertos dondequiera que est\u00e9, en todo el mundo.<\/li>\n<\/ul>\n<p>[\/vc_column_text][\/vc_column][vc_column width=\u00bb1\/2&#8243;][vc_column_text el_class=\u00bbh2-to-h1&#8243;]<\/p>\n<p class=\"stitre_page\">Ellos han confiado en nosotros<\/p>\n<p>[\/vc_column_text][vc_separator color=\u00bbcustom\u00bb border_width=\u00bb3&#8243; el_width=\u00bb10&#8243; accent_color=\u00bb#00abe8&#8243;][vc_column_text]Con nuestro saber hacer y nuestra tecnolog\u00eda, hemos podido trabajar con grandes grupos franceses y tambi\u00e9n a nivel internacional en numerosos pa\u00edses.<br \/>\nNuestro objetivo es facilitar sus transferencias mientras aumentamos su rendimiento, un problema presente dondequiera que est\u00e9, en todo el mundo.<br \/>\nEsta confianza renovada de nuestros clientes fieles es un testimonio de nuestra capacidad para innovar y superar sus expectativas.[\/vc_column_text][vc_btn title=\u00bbNuestros clientes\u00bb style=\u00bbcustom\u00bb custom_background=\u00bb#97c00e\u00bb custom_text=\u00bb#ffffff\u00bb align=\u00bbcenter\u00bb link=\u00bburl:https%3A%2F%2Fwww.gmmi.fr%2Fes%2Freferencia-del-cliente%2F|title:Contact%20GMMI%20gibair\u00bb el_class=\u00bbhover-bleu\u00bb][\/vc_column][\/vc_row][vc_row][vc_column][vc_column_text]Reducci\u00f3n de costos, optimizaci\u00f3n de transferencias, eliminaci\u00f3n de las constricciones de mantenimiento o respuesta a necesidades inexploradas: sea cual sea su desaf\u00edo, estamos aqu\u00ed para responder. Nuestros expertos lo acompa\u00f1an con estudios personalizados.<\/p>\n<p>Juntos, transformemos sus necesidades en \u00e9xitos.<br \/>\n\u00a1Ll\u00e1menos para iniciar su proyecto![\/vc_column_text][vc_empty_space][vc_btn title=\u00bbContacte con nosotros\u00bb style=\u00bbcustom\u00bb custom_background=\u00bb#97c00e\u00bb custom_text=\u00bb#ffffff\u00bb align=\u00bbcenter\u00bb link=\u00bburl:https%3A%2F%2Fwww.gmmi.fr%2Fes%2Fcontacto-gmmi-gibair%2F|title:Contact%20GMMI%20gibair\u00bb el_class=\u00bbhover-bleu\u00bb][\/vc_column][\/vc_row]<\/p>\n<\/section>","protected":false},"excerpt":{"rendered":"<p>[vc_row full_width=\u00bbstretch_row\u00bb disable_element=\u00bbyes\u00bb css=\u00bb.vc_custom_1697524674997{background-color: #eaeaea !important;}\u00bb el_class=\u00bbcentrage-video\u00bb][vc_column][vc_column_text][\/vc_column_text][\/vc_column][\/vc_row][vc_row css=\u00bb.vc_custom_1746179109973{margin-top: 35px !important;margin-bottom: 0px !important;padding-bottom: 0px !important;}\u00bb][vc_column css=\u00bb.vc_custom_1690813894377{margin-bottom: 0px !important;padding-bottom: 0px !important;}\u00bb][vc_column_text el_class=\u00bbtxt-bleu-clair h1&#8243;] TRANSFERENCIA NEUM\u00c1TICA DE ALIMENTOS: BENEFICIOS<span class=\"excerpt-hellip\"> [\u2026]<\/span><\/p>\n","protected":false},"author":1,"featured_media":0,"parent":0,"menu_order":0,"comment_status":"closed","ping_status":"closed","template":"","meta":{"footnotes":""},"class_list":["post-610","page","type-page","status-publish","hentry"],"_links":{"self":[{"href":"https:\/\/www.gmmi.fr\/es\/wp-json\/wp\/v2\/pages\/610","targetHints":{"allow":["GET"]}}],"collection":[{"href":"https:\/\/www.gmmi.fr\/es\/wp-json\/wp\/v2\/pages"}],"about":[{"href":"https:\/\/www.gmmi.fr\/es\/wp-json\/wp\/v2\/types\/page"}],"author":[{"embeddable":true,"href":"https:\/\/www.gmmi.fr\/es\/wp-json\/wp\/v2\/users\/1"}],"replies":[{"embeddable":true,"href":"https:\/\/www.gmmi.fr\/es\/wp-json\/wp\/v2\/comments?post=610"}],"version-history":[{"count":3,"href":"https:\/\/www.gmmi.fr\/es\/wp-json\/wp\/v2\/pages\/610\/revisions"}],"predecessor-version":[{"id":710,"href":"https:\/\/www.gmmi.fr\/es\/wp-json\/wp\/v2\/pages\/610\/revisions\/710"}],"wp:attachment":[{"href":"https:\/\/www.gmmi.fr\/es\/wp-json\/wp\/v2\/media?parent=610"}],"curies":[{"name":"wp","href":"https:\/\/api.w.org\/{rel}","templated":true}]}}