{"id":525,"date":"2025-04-11T14:21:27","date_gmt":"2025-04-11T12:21:27","guid":{"rendered":"https:\/\/www.gmmi.fr\/es\/?page_id=525"},"modified":"2025-07-16T16:06:33","modified_gmt":"2025-07-16T14:06:33","slug":"estudios-de-casos","status":"publish","type":"page","link":"https:\/\/www.gmmi.fr\/es\/estudios-de-casos\/","title":{"rendered":"Estudios de casos &#8211; Transferencia por tuber\u00edas de productos industriales"},"content":{"rendered":"<section class=\"wpb-content-wrapper\"><p>[vc_row][vc_column][vc_empty_space][\/vc_column][\/vc_row][vc_row][vc_column width=\u00bb1\/2&#8243;][vc_column_text]A ra\u00edz de nuestros buenos resultados en el <a href=\"https:\/\/www.gmmi.fr\/es\/transferencia-productos-coproductos-avicolas\/\">sector av\u00edcola<\/a>, decidimos ir m\u00e1s all\u00e1 y ofrecer nuestras soluciones a otras plantas que no est\u00e1n especializadas en este \u00e1mbito.<\/p>\n<p>Numerosas f\u00e1bricas han confiado en nosotros, lo que nos ha permitido desarrollarnos en nuevos sectores.<\/p>\n<p>Hemos realizado pruebas para cada nuevo producto con el fin de ampliar nuestra gama de productos transferibles.[\/vc_column_text][\/vc_column][vc_column width=\u00bb1\/2&#8243;][vc_single_image image=\u00bb633&#8243; img_size=\u00bbfull\u00bb alignment=\u00bbcenter\u00bb][\/vc_column][\/vc_row][vc_row gap=\u00bb10&#8243; equal_height=\u00bbyes\u00bb css=\u00bb.vc_custom_1737456935601{margin-top: 50px !important;}\u00bb][vc_column offset=\u00bbvc_col-lg-6&#8243;][vc_row_inner equal_height=\u00bbyes\u00bb][vc_column_inner el_class=\u00bbtxt-blanc\u00bb width=\u00bb2\/3&#8243; css=\u00bb.vc_custom_1737456835909{background-color: #00abe8 !important;}\u00bb][vc_column_text]<\/p>\n<div class=\"cclient\">Alimentos para mascotas (Pet-food)<\/div>\n<p>Ofrecemos a las industrias del pet-food una soluci\u00f3n de transferencia biosegura de una planta a otra.[\/vc_column_text][\/vc_column_inner][vc_column_inner el_class=\u00bbimg-cas-clients\u00bb width=\u00bb1\/3&#8243; css=\u00bb.vc_custom_1737456884749{background-image: url(https:\/\/www.gmmi.fr\/wp-content\/uploads\/2025\/01\/pet-food.jpg?id=724) !important;background-position: center !important;background-repeat: no-repeat !important;background-size: cover !important;}\u00bb][vc_empty_space height=\u00bb300px\u00bb][\/vc_column_inner][\/vc_row_inner][\/vc_column][vc_column offset=\u00bbvc_col-lg-6&#8243;][vc_row_inner equal_height=\u00bbyes\u00bb][vc_column_inner el_class=\u00bbtxt-blanc\u00bb width=\u00bb2\/3&#8243; css=\u00bb.vc_custom_1737456847249{background-color: #00abe8 !important;}\u00bb][vc_column_text]<\/p>\n<div class=\"cclient\">Polvo, pl\u00e1stico, frutas, insectos, \u2026<\/div>\n<p>Apoyamos a diversas industrias en sus necesidades de transferencia de productos complejos.[\/vc_column_text][\/vc_column_inner][vc_column_inner el_class=\u00bbimg-cas-clients\u00bb width=\u00bb1\/3&#8243; css=\u00bb.vc_custom_1737456896441{background-image: url(https:\/\/www.gmmi.fr\/wp-content\/uploads\/2025\/01\/fruits.jpg?id=723) !important;background-position: center !important;background-repeat: no-repeat !important;background-size: cover !important;}\u00bb][vc_empty_space height=\u00bb300px\u00bb][\/vc_column_inner][\/vc_row_inner][\/vc_column][\/vc_row][vc_row][vc_column][vc_column_text]<strong>Investigaci\u00f3n y Desarrollo<\/strong><\/p>\n<p>Invertimos continuamente en investigaci\u00f3n y desarrollo para mantenernos a la vanguardia de la industria av\u00edcola.<br \/>\nNuestro equipo de expertos trabaja en nuevas tecnolog\u00edas, m\u00e9todos de producci\u00f3n innovadores y soluciones de procesamiento avanzadas para mejorar constantemente nuestros servicios.<\/p>\n<p>Cuando comenzamos a transferir productos distintos de la carne de ave, nuestro departamento de ingenier\u00eda trabaj\u00f3 en la mejora de nuestros procesos para poder transferir todo tipo de productos y ofrecer soluciones adaptadas a las industrias.<\/p>\n<p>No dude en contactarnos hoy mismo para hablar de sus necesidades espec\u00edficas y descubrir c\u00f3mo podemos ayudarle a tener \u00e9xito en su sector.We continuously invest in research and development to stay at the forefront of the poultry industry. Our team of experts works on new technologies, innovative production methods, and advanced processing solutions to constantly improve our services.[\/vc_column_text][\/vc_column][\/vc_row][vc_row][vc_column][vc_btn title=\u00bbCont\u00e1ctenos\u00bb style=\u00bbcustom\u00bb custom_background=\u00bb#97c00e\u00bb custom_text=\u00bb#ffffff\u00bb align=\u00bbcenter\u00bb link=\u00bburl:https%3A%2F%2Fwww.gmmi.fr%2Fes%2Fcontacto-gmmi-gibair%2F|title:Contacto%20GMMI%20gibair\u00bb][\/vc_column][\/vc_row]<\/p>\n<\/section>","protected":false},"excerpt":{"rendered":"<p>[vc_row][vc_column][vc_empty_space][\/vc_column][\/vc_row][vc_row][vc_column width=\u00bb1\/2&#8243;][vc_column_text]A ra\u00edz de nuestros buenos resultados en el sector av\u00edcola, decidimos ir m\u00e1s all\u00e1 y ofrecer nuestras soluciones a otras plantas que no est\u00e1n especializadas<span class=\"excerpt-hellip\"> [\u2026]<\/span><\/p>\n","protected":false},"author":1,"featured_media":0,"parent":0,"menu_order":0,"comment_status":"closed","ping_status":"closed","template":"","meta":{"footnotes":""},"class_list":["post-525","page","type-page","status-publish","hentry"],"_links":{"self":[{"href":"https:\/\/www.gmmi.fr\/es\/wp-json\/wp\/v2\/pages\/525","targetHints":{"allow":["GET"]}}],"collection":[{"href":"https:\/\/www.gmmi.fr\/es\/wp-json\/wp\/v2\/pages"}],"about":[{"href":"https:\/\/www.gmmi.fr\/es\/wp-json\/wp\/v2\/types\/page"}],"author":[{"embeddable":true,"href":"https:\/\/www.gmmi.fr\/es\/wp-json\/wp\/v2\/users\/1"}],"replies":[{"embeddable":true,"href":"https:\/\/www.gmmi.fr\/es\/wp-json\/wp\/v2\/comments?post=525"}],"version-history":[{"count":10,"href":"https:\/\/www.gmmi.fr\/es\/wp-json\/wp\/v2\/pages\/525\/revisions"}],"predecessor-version":[{"id":653,"href":"https:\/\/www.gmmi.fr\/es\/wp-json\/wp\/v2\/pages\/525\/revisions\/653"}],"wp:attachment":[{"href":"https:\/\/www.gmmi.fr\/es\/wp-json\/wp\/v2\/media?parent=525"}],"curies":[{"name":"wp","href":"https:\/\/api.w.org\/{rel}","templated":true}]}}